{"id":617,"date":"2021-11-16T21:27:46","date_gmt":"2021-11-17T00:27:46","guid":{"rendered":"http:\/\/homologacao.tiquality.com.br\/ansub\/?page_id=617"},"modified":"2021-11-23T10:24:33","modified_gmt":"2021-11-23T13:24:33","slug":"pessoa-fisica","status":"publish","type":"page","link":"http:\/\/homologacao.tiquality.com.br\/ansub\/pessoa-fisica\/","title":{"rendered":"Formul\u00e1rio Filia\u00e7\u00e3o ANSub (Pessoa F\u00edsica)"},"content":{"rendered":"<section class=\"kc-elm kc-css-450445 kc_row\"><div class=\"kc-row-container  kc-container\"><div class=\"kc-wrap-columns\"><div class=\"kc-elm kc-css-264376 kc_col-sm-12 kc_column kc_col-sm-12\"><div class=\"kc-col-container\"><div class=\"kc-elm kc-css-937454 kc_text_block\"><\/p>\n<p style=\"text-align: center;\"><strong>Ao preencher e enviar esse formul\u00e1rio voc\u00ea confirma estar ciente e de acordo com o <a href=\"http:\/\/homologacao.tiquality.com.br\/ansub\/wp-content\/uploads\/2021\/11\/Estatuto_ANSub.pdf\">Estatuto da ANSub<\/a>\u00a0 e solicita a sua filia\u00e7\u00e3o como Pessoa F\u00edsica.<\/strong><br \/><strong>Em caso de d\u00favidas: entre em contato com a secretaria: secretaria.ansub@gmail.com, ou pelo whats 51-996717797.<\/strong><\/p>\n<p>\n<\/div><div class=\"kc-elm kc-css-40829 kc_row kc_row_inner\"><div class=\"kc-elm kc-css-44948 kc_col-sm-8 kc_column_inner kc_col-sm-8\"><div class=\"kc_wrapper kc-col-inner-container\"><div class=\"kc-elm kc-css-820302 kc_text_block\"><\/p>\n<div role=\"form\" class=\"wpcf7\" id=\"wpcf7-f1118-o1\" lang=\"pt-BR\" dir=\"ltr\">\n<div class=\"screen-reader-response\">\n<p role=\"status\" aria-live=\"polite\" aria-atomic=\"true\">\n<ul><\/ul>\n<\/div>\n<form action=\"\/ansub\/wp-json\/wp\/v2\/pages\/617#wpcf7-f1118-o1\" method=\"post\" class=\"wpcf7-form init\" enctype=\"multipart\/form-data\" novalidate=\"novalidate\" data-status=\"init\">\n<div style=\"display: none;\">\n<input type=\"hidden\" name=\"_wpcf7\" value=\"1118\" \/><br \/>\n<input type=\"hidden\" name=\"_wpcf7_version\" value=\"5.5.2\" \/><br \/>\n<input type=\"hidden\" name=\"_wpcf7_locale\" value=\"pt_BR\" \/><br \/>\n<input type=\"hidden\" name=\"_wpcf7_unit_tag\" value=\"wpcf7-f1118-o1\" \/><br \/>\n<input type=\"hidden\" name=\"_wpcf7_container_post\" value=\"0\" \/><br \/>\n<input type=\"hidden\" name=\"_wpcf7_posted_data_hash\" value=\"\" \/>\n<\/div>\n<p><label>Nome completo<br \/>\n<span class=\"wpcf7-form-control-wrap Nome\"><input type=\"text\" name=\"Nome\" value=\"\" size=\"40\" class=\"wpcf7-form-control wpcf7-text wpcf7-validates-as-required\" aria-required=\"true\" aria-invalid=\"false\" \/><\/span> <\/label><\/p>\n<p><label>Data de nascimento<br \/>\n<span class=\"wpcf7-form-control-wrap Datadenascimento\"><input type=\"text\" name=\"Datadenascimento\" value=\"dd\/mm\/aaaa\" size=\"40\" class=\"wpcf7-form-control wpcf7-text wpcf7-validates-as-required\" aria-required=\"true\" aria-invalid=\"false\" \/><\/span> <\/label><\/p>\n<p><label>Estado<br \/>\n<span class=\"wpcf7-form-control-wrap Estado\"><input type=\"text\" name=\"Estado\" value=\"\" size=\"40\" class=\"wpcf7-form-control wpcf7-text wpcf7-validates-as-required\" aria-required=\"true\" aria-invalid=\"false\" \/><\/span> <\/label><\/p>\n<p><label>Cidade<br \/>\n<span class=\"wpcf7-form-control-wrap Cidade\"><input type=\"text\" name=\"Cidade\" value=\"\" size=\"40\" class=\"wpcf7-form-control wpcf7-text wpcf7-validates-as-required\" aria-required=\"true\" aria-invalid=\"false\" \/><\/span><\/p>\n<p><label>Endere\u00e7o<br \/>\n<span class=\"wpcf7-form-control-wrap Endereco\"><input type=\"text\" name=\"Endereco\" value=\"Bairro, rua, n\u00famero e complemento (se houver)\" size=\"40\" class=\"wpcf7-form-control wpcf7-text wpcf7-validates-as-required\" aria-required=\"true\" aria-invalid=\"false\" \/><\/span> <\/label><\/p>\n<p><label>CEP<br \/>\n<span class=\"wpcf7-form-control-wrap CEP\"><input type=\"text\" name=\"CEP\" value=\"\" size=\"40\" class=\"wpcf7-form-control wpcf7-text wpcf7-validates-as-required\" aria-required=\"true\" aria-invalid=\"false\" \/><\/span> <\/label><\/p>\n<p><label>Telefone<br \/>\n<span class=\"wpcf7-form-control-wrap Telefone\"><input type=\"text\" name=\"Telefone\" value=\"Informar c\u00f3digo de \u00e1rea\" size=\"40\" class=\"wpcf7-form-control wpcf7-text wpcf7-validates-as-required\" aria-required=\"true\" aria-invalid=\"false\" \/><\/span> <\/label><\/p>\n<p><label>Email<br \/>\n<span class=\"wpcf7-form-control-wrap Email\"><input type=\"email\" name=\"Email\" value=\"\" size=\"40\" class=\"wpcf7-form-control wpcf7-text wpcf7-email wpcf7-validates-as-required wpcf7-validates-as-email\" aria-required=\"true\" aria-invalid=\"false\" \/><\/span> <\/label><\/p>\n<p><label>CPF<br \/>\n<span class=\"wpcf7-form-control-wrap CPF\"><input type=\"text\" name=\"CPF\" value=\"\" size=\"40\" class=\"wpcf7-form-control wpcf7-text wpcf7-validates-as-required\" aria-required=\"true\" aria-invalid=\"false\" \/><\/span> <\/label><\/p>\n<p><label>RG<br \/>\n<span class=\"wpcf7-form-control-wrap RG\"><input type=\"text\" name=\"RG\" value=\"\" size=\"40\" class=\"wpcf7-form-control wpcf7-text wpcf7-validates-as-required\" aria-required=\"true\" aria-invalid=\"false\" \/><\/span> <\/label><\/p>\n<p><label>Forma\u00e7\u00e3o<br \/>\n<span class=\"wpcf7-form-control-wrap Formao\"><input type=\"text\" name=\"Formao\" value=\"\" size=\"40\" class=\"wpcf7-form-control wpcf7-text wpcf7-validates-as-required\" aria-required=\"true\" aria-invalid=\"false\" \/><\/span> <\/label><\/p>\n<p><label>Profiss\u00e3o<br \/>\n<span class=\"wpcf7-form-control-wrap Profisso\"><input type=\"text\" name=\"Profisso\" value=\"\" size=\"40\" class=\"wpcf7-form-control wpcf7-text wpcf7-validates-as-required\" aria-required=\"true\" aria-invalid=\"false\" \/><\/span> <\/label><\/p>\n<p><label>Categoria de filia\u00e7\u00e3o<br \/>\n<span class=\"wpcf7-form-control-wrap Cate\"><select name=\"Cate\" class=\"wpcf7-form-control wpcf7-select wpcf7-validates-as-required\" aria-required=\"true\" aria-invalid=\"false\"><option value=\"Efetivo\">Efetivo<\/option><option value=\"Acad\u00eamico (anexar comprovante de v\u00ednculo com a institui\u00e7\u00e3o de ensino)\">Acad\u00eamico (anexar comprovante de v\u00ednculo com a institui\u00e7\u00e3o de ensino)<\/option><option value=\"Colaborador\">Colaborador<\/option><\/select><\/span><\/p>\n<p><span class=\"wpcf7-form-control-wrap Anexararquivo\"><input type=\"file\" name=\"Anexararquivo\" size=\"40\" class=\"wpcf7-form-control wpcf7-file\" accept=\".pdf,.doc,.docx,.png,.jpeg\" aria-invalid=\"false\" \/><\/span><\/p>\n<div class=\"wpcf7-response-output\" aria-hidden=\"true\"><\/div>\n<\/form>\n<\/div>\n<p>\n<\/div><\/div><\/div><div class=\"kc-elm kc-css-729603 kc_col-sm-4 kc_column_inner kc_col-sm-4\"><div class=\"kc_wrapper kc-col-inner-container\"><\/div><\/div><\/div><div class=\"kc-elm kc-css-460360 kc_text_block\"><\/p>\n<p><strong>ATEN\u00c7\u00c3O: envie por aqui o comprovante de pagamento da taxa de anuidade (conforme a sua categoria de filia\u00e7\u00e3o), e o comprovante de v\u00ednculo, no caso de optar pela categoria &#8220;Acad\u00eamico\".\u00a0<\/strong><\/p>\n<p>\n<\/div><\/div><\/div><\/div><\/div><\/section>\n","protected":false},"excerpt":{"rendered":"","protected":false},"author":1,"featured_media":0,"parent":0,"menu_order":0,"comment_status":"closed","ping_status":"closed","template":"","meta":{"site-sidebar-layout":"default","site-content-layout":"default","ast-main-header-display":"","ast-hfb-above-header-display":"","ast-hfb-below-header-display":"","ast-hfb-mobile-header-display":"","site-post-title":"disabled","ast-breadcrumbs-content":"","ast-featured-img":"","footer-sml-layout":"","theme-transparent-header-meta":"default","adv-header-id-meta":"","stick-header-meta":"","header-above-stick-meta":"","header-main-stick-meta":"","header-below-stick-meta":"","footnotes":""},"class_list":["post-617","page","type-page","status-publish","hentry"],"_links":{"self":[{"href":"http:\/\/homologacao.tiquality.com.br\/ansub\/wp-json\/wp\/v2\/pages\/617","targetHints":{"allow":["GET"]}}],"collection":[{"href":"http:\/\/homologacao.tiquality.com.br\/ansub\/wp-json\/wp\/v2\/pages"}],"about":[{"href":"http:\/\/homologacao.tiquality.com.br\/ansub\/wp-json\/wp\/v2\/types\/page"}],"author":[{"embeddable":true,"href":"http:\/\/homologacao.tiquality.com.br\/ansub\/wp-json\/wp\/v2\/users\/1"}],"replies":[{"embeddable":true,"href":"http:\/\/homologacao.tiquality.com.br\/ansub\/wp-json\/wp\/v2\/comments?post=617"}],"version-history":[{"count":29,"href":"http:\/\/homologacao.tiquality.com.br\/ansub\/wp-json\/wp\/v2\/pages\/617\/revisions"}],"predecessor-version":[{"id":643,"href":"http:\/\/homologacao.tiquality.com.br\/ansub\/wp-json\/wp\/v2\/pages\/617\/revisions\/643"}],"wp:attachment":[{"href":"http:\/\/homologacao.tiquality.com.br\/ansub\/wp-json\/wp\/v2\/media?parent=617"}],"curies":[{"name":"wp","href":"https:\/\/api.w.org\/{rel}","templated":true}]}}