{"id":5,"date":"2021-11-05T13:50:32","date_gmt":"2021-11-05T16:50:32","guid":{"rendered":"http:\/\/homologacao.tiquality.com.br\/ansub\/?page_id=5"},"modified":"2021-11-23T11:01:02","modified_gmt":"2021-11-23T14:01:02","slug":"inicio","status":"publish","type":"page","link":"http:\/\/homologacao.tiquality.com.br\/ansub\/","title":{"rendered":"In\u00edcio"},"content":{"rendered":"<p><section class=\"kc-elm kc-css-602154 kc_row\"><div class=\"kc-row-container\"><div class=\"kc-wrap-columns\"><div class=\"kc-elm kc-css-897984 kc_column kc_col-sm-12\"><div class=\"kc-col-container\"><div class=\"kc-elm kc-css-998628\">\n\t<div class=\"kc-carousel_images kc-elm kc-css-998628\">\n\t\n\t\t<div class=\"kc-carousel-images owl-carousel-images kc-sync1 \" data-owl-i-options='{\"items\":\"1\",\"tablet\":\"1\",\"mobile\":\"1\",\"speed\":\"600\",\"navigation\":\"\",\"pagination\":\"\",\"autoheight\":\"\",\"progressbar\":\"\",\"delay\":\"8\",\"autoplay\":\"yes\",\"showthumb\":\"\",\"num_thumb\":\"5\"}'>\n\t\n\t\t\t\t\t<div class=\"item\">\n\t\n\t\t\t<a href=\"http:\/\/www.ensub.com.br\/\" target=\"_blank\"><img decoding=\"async\" src=\"http:\/\/homologacao.tiquality.com.br\/ansub\/wp-content\/uploads\/2021\/11\/Ensub_2022-1024x326.png\" alt=\"\" \/><\/a>\t\n\t\t\t<\/div>\n\t\n\t\t\t\t\t<div class=\"item\">\n\t\n\t\t\t<img decoding=\"async\" src=\"http:\/\/homologacao.tiquality.com.br\/ansub\/wp-content\/uploads\/2021\/11\/11.png\" alt=\"\" \/>\t\n\t\t\t<\/div>\n\t\n\t\t\t\t\t<div class=\"item\">\n\t\n\t\t\t<img decoding=\"async\" src=\"http:\/\/homologacao.tiquality.com.br\/ansub\/wp-content\/uploads\/2021\/11\/15.png\" alt=\"\" \/>\t\n\t\t\t<\/div>\n\t\n\t\t\t\t\t<div class=\"item\">\n\t\n\t\t\t<img decoding=\"async\" src=\"http:\/\/homologacao.tiquality.com.br\/ansub\/wp-content\/uploads\/2021\/11\/1.png\" alt=\"\" \/>\t\n\t\t\t<\/div>\n\t\n\t\t\t\t\t<div class=\"item\">\n\t\n\t\t\t<img decoding=\"async\" src=\"http:\/\/homologacao.tiquality.com.br\/ansub\/wp-content\/uploads\/2021\/11\/18.png\" alt=\"\" \/>\t\n\t\t\t<\/div>\n\t\n\t\t\t\n\t\t<\/div>\n\t\n\t\t\t<\/div>\n<\/div>\n<\/div><\/div><\/div><\/div><\/section><section class=\"kc-elm kc-css-818933 kc_row\"><div class=\"kc-row-container  kc-container\"><div class=\"kc-wrap-columns\"><div class=\"kc-elm kc-css-367484 kc_col-sm-12 kc_column kc_col-sm-12\"><div class=\"kc-col-container\"><div class=\"kc-elm kc-css-333925 kc-animated kc-animate-eff-slideInLeft kc_text_block\"><\/p>\n<h1>QUEM SOMOS<\/h1>\n<p>A Associa\u00e7\u00e3o Nacional de Substrato para Plantas &#8211; ANSub foi fundada em 03 de fevereiro de 2021, e tem como principal objetivo a promo\u00e7\u00e3o e a valoriza\u00e7\u00e3o do insumo &#8220;Substrato para Plantas\", assim como seu emprego na produ\u00e7\u00e3o vegetal em recipientes &#8211; seja na produ\u00e7\u00e3o de mudas ou em plantas envasadas.<\/p>\n<p>Para alcan\u00e7ar seu objetivo, a ANSub busca congregar pessoas e institui\u00e7\u00f5es para a promo\u00e7\u00e3o e divulga\u00e7\u00e3o do conhecimento t\u00e9cnico e cient\u00edfico de todos os aspectos referentes ao uso de Substratos para Plantas, bem como \u00e0 produ\u00e7\u00e3o, \u00e0 comercializa\u00e7\u00e3o e \u00e0 legisla\u00e7\u00e3o pertinentes ao tema.<\/p>\n<p>\n<\/div><\/div><\/div><\/div><\/div><\/section><section class=\"kc-elm kc-css-5016 kc_row\"><div class=\"kc-row-container  kc-container\"><div class=\"kc-wrap-columns\"><div class=\"kc-elm kc-css-101784 kc_col-sm-12 kc_column kc_col-sm-12\"><div class=\"kc-col-container\"><div class=\"kc-elm kc-css-397550 kc-animated kc-animate-eff-slideInRight kc_text_block\"><\/p>\n<h1>MISS\u00c3O<\/h1>\n<p style=\"text-align: center;\">A Associa\u00e7\u00e3o Nacional de Substratos para Plantas \u00e9 uma entidade cient\u00edfica e civil, sem fins lucrativos, com objetivo de aproximar pessoas e institui\u00e7\u00f5es para a promo\u00e7\u00e3o e desenvolvimento do conhecimento t\u00e9cnico e cient\u00edfico sobre este importante insumo para o cultivo de plantas em recipiente.<\/p>\n<p>\n<\/div><\/div><\/div><\/div><\/div><\/section><section class=\"kc-elm kc-css-740444 kc_row\"><div class=\"kc-row-container  kc-container\"><div class=\"kc-wrap-columns\"><div class=\"kc-elm kc-css-782224 kc_col-sm-3 kc_column kc_col-sm-3\"><div class=\"kc-col-container\"><div class=\"kc-elm kc-css-750712 kc-animated kc-animate-eff-fadeIn kc-animate-speed-3s kc_text_block\"><\/p>\n<p><img loading=\"lazy\" decoding=\"async\" class=\"alignnone size-medium aligncenter\" src=\"http:\/\/homologacao.tiquality.com.br\/ansub\/wp-content\/uploads\/2021\/11\/certificado-e1637332043885.png\" alt=\"\" width=\"150\" height=\"150\" \/><\/p>\n<p>Promover a\u00e7\u00f5es para <strong>valoriza\u00e7\u00e3o desta \u00e1rea do conhecimento nos<\/strong><br \/><strong>curr\u00edculos acad\u00eamicos<\/strong> em cursos das Ci\u00eancias Agr\u00e1rias e \u00e1reas afins.<\/p>\n<p>\n<\/div><\/div><\/div><div class=\"kc-elm kc-css-450115 kc_col-sm-3 kc_column kc_col-sm-3\"><div class=\"kc-col-container\"><div class=\"kc-elm kc-css-857438 kc-animated kc-animate-eff-fadeIn kc-animate-speed-3s kc_text_block\"><\/p>\n<p><img loading=\"lazy\" decoding=\"async\" class=\"size-medium aligncenter\" src=\"http:\/\/homologacao.tiquality.com.br\/ansub\/wp-content\/uploads\/2021\/11\/lupa-e1637332146875.png\" alt=\"\" width=\"150\" height=\"150\" \/><\/p>\n<p><strong>Tratar das<\/strong> <strong>metodologias de an\u00e1lises e da legisla\u00e7\u00e3o<\/strong> pertinente \u00e0 produ\u00e7\u00e3o, comercializa\u00e7\u00e3o e controle de qualidade deste insumo.<\/p>\n<p>\n<\/div><\/div><\/div><div class=\"kc-elm kc-css-470950 kc_col-sm-3 kc_column kc_col-sm-3\"><div class=\"kc-col-container\"><div class=\"kc-elm kc-css-324939 kc-animated kc-animate-eff-fadeIn kc-animate-speed-3s kc_text_block\"><\/p>\n<p><img loading=\"lazy\" decoding=\"async\" class=\"aligncenter\" src=\"http:\/\/homologacao.tiquality.com.br\/ansub\/wp-content\/uploads\/2021\/11\/calendario-e1637332355941.png\" alt=\"\" width=\"150\" height=\"150\" \/><\/p>\n<p>Estimular a <strong>realiza\u00e7\u00e3o de edi\u00e7\u00f5es bienais<\/strong> <strong>do ENSub<\/strong> (Encontro Nacional sobre Substrato para Plantas)\u00a0<\/p>\n<p>\n<\/div><\/div><\/div><div class=\"kc-elm kc-css-372609 kc_col-sm-3 kc_column kc_col-sm-3\"><div class=\"kc-col-container\"><div class=\"kc-elm kc-css-736394 kc-animated kc-animate-eff-fadeIn kc-animate-speed-3s kc_text_block\"><\/p>\n<p><img loading=\"lazy\" decoding=\"async\" class=\"size-medium aligncenter\" src=\"http:\/\/homologacao.tiquality.com.br\/ansub\/wp-content\/uploads\/2021\/11\/janela-de-conversa-e1637332443467.png\" alt=\"\" width=\"150\" height=\"150\" \/><\/p>\n<p><strong>Estimular o interc\u00e2mbio de conhecimentos<\/strong> entre agentes que atuam na pesquisa, no ensino, na extens\u00e3o, na produ\u00e7\u00e3o, comercializa\u00e7\u00e3o e na divulga\u00e7\u00e3o <strong>referentes ao setor<\/strong>.<\/p>\n<p>\n<\/div><\/div><\/div><\/div><\/div><\/section><\/p>\n","protected":false},"excerpt":{"rendered":"","protected":false},"author":1,"featured_media":0,"parent":0,"menu_order":0,"comment_status":"closed","ping_status":"closed","template":"","meta":{"site-sidebar-layout":"default","site-content-layout":"default","ast-main-header-display":"","ast-hfb-above-header-display":"","ast-hfb-below-header-display":"","ast-hfb-mobile-header-display":"","site-post-title":"disabled","ast-breadcrumbs-content":"","ast-featured-img":"","footer-sml-layout":"","theme-transparent-header-meta":"default","adv-header-id-meta":"","stick-header-meta":"","header-above-stick-meta":"","header-main-stick-meta":"","header-below-stick-meta":"","footnotes":""},"class_list":["post-5","page","type-page","status-publish","hentry"],"_links":{"self":[{"href":"http:\/\/homologacao.tiquality.com.br\/ansub\/wp-json\/wp\/v2\/pages\/5","targetHints":{"allow":["GET"]}}],"collection":[{"href":"http:\/\/homologacao.tiquality.com.br\/ansub\/wp-json\/wp\/v2\/pages"}],"about":[{"href":"http:\/\/homologacao.tiquality.com.br\/ansub\/wp-json\/wp\/v2\/types\/page"}],"author":[{"embeddable":true,"href":"http:\/\/homologacao.tiquality.com.br\/ansub\/wp-json\/wp\/v2\/users\/1"}],"replies":[{"embeddable":true,"href":"http:\/\/homologacao.tiquality.com.br\/ansub\/wp-json\/wp\/v2\/comments?post=5"}],"version-history":[{"count":397,"href":"http:\/\/homologacao.tiquality.com.br\/ansub\/wp-json\/wp\/v2\/pages\/5\/revisions"}],"predecessor-version":[{"id":1292,"href":"http:\/\/homologacao.tiquality.com.br\/ansub\/wp-json\/wp\/v2\/pages\/5\/revisions\/1292"}],"wp:attachment":[{"href":"http:\/\/homologacao.tiquality.com.br\/ansub\/wp-json\/wp\/v2\/media?parent=5"}],"curies":[{"name":"wp","href":"https:\/\/api.w.org\/{rel}","templated":true}]}}