{"id":45,"date":"2021-11-05T14:44:49","date_gmt":"2021-11-05T17:44:49","guid":{"rendered":"http:\/\/homologacao.tiquality.com.br\/ansub\/?page_id=45"},"modified":"2021-11-20T18:36:52","modified_gmt":"2021-11-20T21:36:52","slug":"diretoria","status":"publish","type":"page","link":"http:\/\/homologacao.tiquality.com.br\/ansub\/diretoria\/","title":{"rendered":"Diretoria"},"content":{"rendered":"<section class=\"kc-elm kc-css-321379 kc_row\"><div class=\"kc-row-container  kc-container\"><div class=\"kc-wrap-columns\"><div class=\"kc-elm kc-css-394963 kc_col-sm-6 kc_column kc_col-sm-6\"><div class=\"kc-col-container\"><div class=\"kc-elm kc-css-93195 kc_text_block\"><\/p>\n<h4><strong>DIRETORIA<\/strong><\/h4>\n<p><strong>Presidente<\/strong><br \/>Claudimar Sidnei Fior \u00a0(UFRGS)<\/p>\n<p><strong>Vice-presidente<\/strong><br \/>Atelene K\u00e4mpf (UFRGS)<\/p>\n<p><strong>Diretor Tesoureiro<\/strong><br \/>Eduarda Demari Avrella (Aut\u00f4noma)<\/p>\n<p><strong>Diretor Secret\u00e1rio<\/strong><br \/>Caciara Gonzatto Maciel (UFRGS)<\/p>\n<p><strong>I &#8211; Diretores de N\u00facleos de Afinidade:<\/strong><\/p>\n<p><strong>Diretor de Fabrica\u00e7\u00e3o, Comercial e Distribui\u00e7\u00e3o<br \/><\/strong>Amilcar Ferreira (Fabricante &#8211; Turfa Fertil)<\/p>\n<p><strong>Diretor de Consumo e Servi\u00e7os<br \/><\/strong>Cirilo Gruszynski (Produtor &#8211;\u00a0La Belle Fleur)<\/p>\n<p><strong>Diretor de Legisla\u00e7\u00e3o<br \/><\/strong>M\u00f4nica Ferreira de Abreu (IAC, SP)<\/p>\n<p><strong>Diretor de Pesquisa, Ensino e Extens\u00e3o<br \/><\/strong>M\u00e1rkilla Z. Beckmann Cavalcante (UNIVASF)<\/p>\n<p>\n<\/div><\/div><\/div><div class=\"kc-elm kc-css-272448 kc_col-sm-6 kc_column kc_col-sm-6\"><div class=\"kc-col-container\"><div class=\"kc-elm kc-css-18804 kc_text_block\"><\/p>\n<p><strong>II &#8211; Conselho Deliberativo:<\/strong><br \/><em>Deve haver representantes de todos os n\u00facleos de afinidade.<\/em><\/p>\n<p><strong>Repres. de Ensino, Pesquisa e Extens\u00e3o (UFPR)<\/strong><br \/>Dagma Kratz<\/p>\n<p><strong>Repres. de Fabrica\u00e7\u00e3o, Comercial. e Distribui\u00e7\u00e3o (Vida)<\/strong><br \/>Cesar Gois Prestes<\/p>\n<p><strong>Repres. de Consumo e Servi\u00e7os (Beigrupo)<\/strong><br \/>Valdecir Ferrari<\/p>\n<p><strong>Repres. de Legisla\u00e7\u00e3o (UFRGS)<br \/><\/strong>Gilmar Schafer<br \/>Rubens Muller Kautzmann (Agencia Nacional de Minera\u00e7\u00e3o)<br \/>Andre Strasburger \u00a0&#8211; Suplente 1 \u00a0(UFRGS)<br \/>Eunice Oliveira Calvete \u00a0&#8211; Suplente \u00a02 (Aut\u00f4noma)<br \/>M\u00e1rcio Navroski \u00a0&#8211; Suplente 3 (UDESC &#8211; Lages)<br \/>Maria Helena Fermino &#8211; Suplente 4 (DDPA &#8211; RS)<\/p>\n<p><strong>III &#8211; Conselho Fiscal:<br \/><\/strong>Orlando S\u00edlvio Caires Neves (UFBA &#8211; Vit\u00f3ria da Conquista)<br \/>Soeni Bell\u00e9 (IFRS &#8211; Bento Gon\u00e7alves, RS)<br \/>Maristela Machado Araujo (UFSM)<br \/>Milena Gaion Malosso &#8211; Suplente 1 (UFAM)<br \/>Tatiana Da Silva Duarte &#8211;\u00a0Suplente 2 (UFRGS)<\/p>\n<p><strong>IV &#8211; Conselho de Normaliza\u00e7\u00e3o e \u00c9tica:<br \/><\/strong>Antonio Bliska J\u00fanior (UNICAMP)<br \/>Roberta Marins Nogueira Peil (UFPEL)<br \/>Mar\u00edlia Lazarotto (UFPEL)<\/p>\n<p>\n<\/div><\/div><\/div><\/div><\/div><\/section>\n","protected":false},"excerpt":{"rendered":"","protected":false},"author":1,"featured_media":0,"parent":0,"menu_order":0,"comment_status":"closed","ping_status":"closed","template":"","meta":{"site-sidebar-layout":"default","site-content-layout":"default","ast-main-header-display":"","ast-hfb-above-header-display":"","ast-hfb-below-header-display":"","ast-hfb-mobile-header-display":"","site-post-title":"disabled","ast-breadcrumbs-content":"","ast-featured-img":"","footer-sml-layout":"","theme-transparent-header-meta":"default","adv-header-id-meta":"","stick-header-meta":"","header-above-stick-meta":"","header-main-stick-meta":"","header-below-stick-meta":"","footnotes":""},"class_list":["post-45","page","type-page","status-publish","hentry"],"_links":{"self":[{"href":"http:\/\/homologacao.tiquality.com.br\/ansub\/wp-json\/wp\/v2\/pages\/45","targetHints":{"allow":["GET"]}}],"collection":[{"href":"http:\/\/homologacao.tiquality.com.br\/ansub\/wp-json\/wp\/v2\/pages"}],"about":[{"href":"http:\/\/homologacao.tiquality.com.br\/ansub\/wp-json\/wp\/v2\/types\/page"}],"author":[{"embeddable":true,"href":"http:\/\/homologacao.tiquality.com.br\/ansub\/wp-json\/wp\/v2\/users\/1"}],"replies":[{"embeddable":true,"href":"http:\/\/homologacao.tiquality.com.br\/ansub\/wp-json\/wp\/v2\/comments?post=45"}],"version-history":[{"count":23,"href":"http:\/\/homologacao.tiquality.com.br\/ansub\/wp-json\/wp\/v2\/pages\/45\/revisions"}],"predecessor-version":[{"id":1208,"href":"http:\/\/homologacao.tiquality.com.br\/ansub\/wp-json\/wp\/v2\/pages\/45\/revisions\/1208"}],"wp:attachment":[{"href":"http:\/\/homologacao.tiquality.com.br\/ansub\/wp-json\/wp\/v2\/media?parent=45"}],"curies":[{"name":"wp","href":"https:\/\/api.w.org\/{rel}","templated":true}]}}