{"id":43,"date":"2021-11-05T14:40:44","date_gmt":"2021-11-05T17:40:44","guid":{"rendered":"http:\/\/homologacao.tiquality.com.br\/ansub\/?page_id=43"},"modified":"2021-11-23T10:22:40","modified_gmt":"2021-11-23T13:22:40","slug":"historia","status":"publish","type":"page","link":"http:\/\/homologacao.tiquality.com.br\/ansub\/historia\/","title":{"rendered":"Hist\u00f3ria"},"content":{"rendered":"<section class=\"kc-elm kc-css-446790 kc_row\"><div class=\"kc-row-container  kc-container\"><div class=\"kc-wrap-columns\"><div class=\"kc-elm kc-css-552807 kc_col-sm-12 kc_column kc_col-sm-12\"><div class=\"kc-col-container\"><div class=\"kc-elm kc-css-639912 kc-animated kc-animate-eff-slideInLeft kc_text_block\"><\/p>\n<h4><strong>HIST\u00d3RIA<\/strong><\/h4>\n<p>Na d\u00e9cada de 1980, pesquisadores do Setor de Horticultura da Faculdade de Agronomia da Universidade Federal do Rio Grande do Sul sentiram a necessidade de conhecer mais sobre o cultivo vegetal em recipientes, al\u00e9m das pr\u00e1ticas culturais envolvidas. \u00a0A proibi\u00e7\u00e3o nacional do uso de xaxim (Dicksonia\u00a0spp) para produ\u00e7\u00e3o de \u201cvasos\u201d\u00a0e \u201csubstrato\u201d contribuiu para a busca de fontes alternativas, surgindo publica\u00e7\u00f5es sobre diversos materiais e suas misturas, basicamente no sistema ensaio-e-erro. A pesquisa internacional mostrava que n\u00e3o eram os materiais, por\u00e9m suas propriedades que definiam a qualidade de cada material. Assim foi dado in\u00edcio \u00e0 sele\u00e7\u00e3o e desenvolvimento de m\u00e9todos para an\u00e1lises espec\u00edficas de substrato.<\/p>\n<p>Na \u00e9poca, oficialmente, o tema \u201csubstrato\u201d era desconhecido pelos \u00f3rg\u00e3os normativos de controle, apesar de j\u00e1 ser empregado na propaga\u00e7\u00e3o de plantas de interesse econ\u00f4mico em\u00a0plugs\u00a0e tubetes, principalmente na produ\u00e7\u00e3o de mudas de fumo e de florestais na regi\u00e3o sul, bem como oler\u00edcolas e outras na regi\u00e3o sudeste.<br \/>A partir da d\u00e9cada de 1990, outro evento importante acelerou a busca por materiais e produtos para uso em cultivos em recipientes: o Brometo de Metila, g\u00e1s de alta toxicidade que era amplamente utilizado para esteriliza\u00e7\u00e3o de solo em canteiros, bem como materiais para uso em recipientes, teve proibidos sua comercializa\u00e7\u00e3o e posterior consumo, deixando de ser usado a partir da primeira d\u00e9cada de 2000.<\/p>\n<p>Reunindo profissionais e produtores, principalmente das regi\u00f5es Sul e Sudeste do Brasil, e, em presen\u00e7a de representantes do MAPA e INMETRO, em julho de 1999 foi realizado o primeiro Encontro Nacional sobre Substrato para Plantas \u2013\u00a0ENSub, dando in\u00edcio \u00e0 aproxima\u00e7\u00e3o entre acad\u00eamicos, produtores comerciais, usu\u00e1rios e \u00f3rg\u00e3os oficiais do Governo. O Encontro contou com cerca de 400 participantes, incluindo a presen\u00e7a de profissionais da Argentina e Uruguai.<\/p>\n<p>Desde a terceira edi\u00e7\u00e3o, em 2002, o ENSub tem ocorrido a cada dois anos, em diferentes Estados do Brasil. \u00a0Sentindo-se a necessidade de uma identidade fiscal, no dia 03 de fevereiro de 2021, foi criada a Associa\u00e7\u00e3o Nacional de Substrato para Plantas.<\/p>\n<p>\n<\/div><\/div><\/div><\/div><\/div><\/section>\n","protected":false},"excerpt":{"rendered":"","protected":false},"author":1,"featured_media":0,"parent":0,"menu_order":0,"comment_status":"closed","ping_status":"closed","template":"","meta":{"site-sidebar-layout":"default","site-content-layout":"default","ast-main-header-display":"","ast-hfb-above-header-display":"","ast-hfb-below-header-display":"","ast-hfb-mobile-header-display":"","site-post-title":"disabled","ast-breadcrumbs-content":"","ast-featured-img":"","footer-sml-layout":"","theme-transparent-header-meta":"default","adv-header-id-meta":"","stick-header-meta":"","header-above-stick-meta":"","header-main-stick-meta":"","header-below-stick-meta":"","footnotes":""},"class_list":["post-43","page","type-page","status-publish","hentry"],"_links":{"self":[{"href":"http:\/\/homologacao.tiquality.com.br\/ansub\/wp-json\/wp\/v2\/pages\/43","targetHints":{"allow":["GET"]}}],"collection":[{"href":"http:\/\/homologacao.tiquality.com.br\/ansub\/wp-json\/wp\/v2\/pages"}],"about":[{"href":"http:\/\/homologacao.tiquality.com.br\/ansub\/wp-json\/wp\/v2\/types\/page"}],"author":[{"embeddable":true,"href":"http:\/\/homologacao.tiquality.com.br\/ansub\/wp-json\/wp\/v2\/users\/1"}],"replies":[{"embeddable":true,"href":"http:\/\/homologacao.tiquality.com.br\/ansub\/wp-json\/wp\/v2\/comments?post=43"}],"version-history":[{"count":19,"href":"http:\/\/homologacao.tiquality.com.br\/ansub\/wp-json\/wp\/v2\/pages\/43\/revisions"}],"predecessor-version":[{"id":1258,"href":"http:\/\/homologacao.tiquality.com.br\/ansub\/wp-json\/wp\/v2\/pages\/43\/revisions\/1258"}],"wp:attachment":[{"href":"http:\/\/homologacao.tiquality.com.br\/ansub\/wp-json\/wp\/v2\/media?parent=43"}],"curies":[{"name":"wp","href":"https:\/\/api.w.org\/{rel}","templated":true}]}}