{"id":256,"date":"2021-11-05T19:53:03","date_gmt":"2021-11-05T22:53:03","guid":{"rendered":"http:\/\/homologacao.tiquality.com.br\/ansub\/?page_id=256"},"modified":"2021-11-20T19:01:54","modified_gmt":"2021-11-20T22:01:54","slug":"ensub","status":"publish","type":"page","link":"http:\/\/homologacao.tiquality.com.br\/ansub\/ensub\/","title":{"rendered":"ENSub"},"content":{"rendered":"<p><section class=\"kc-elm kc-css-624790 kc_row\"><div class=\"kc-row-container  kc-container\"><div class=\"kc-wrap-columns\"><div class=\"kc-elm kc-css-441908 kc_col-sm-12 kc_column kc_col-sm-12\"><div class=\"kc-col-container\"><div class=\"kc-elm kc-css-685684 kc_text_block\"><\/p>\n<h3 style=\"text-align: center;\"><strong>Encontro Nacional sobre Substratos para Plantas (ENSUB)<\/strong><\/h3>\n<p>\n<\/div><div class=\"kc-elm kc-css-383493 kc-animated kc-animate-eff-slideInRight kc_text_block\"><\/p>\n<h4 style=\"text-align: center;\"><strong>Pr\u00f3xima edi\u00e7\u00e3o 2022:<\/strong><\/h4>\n<p>\n<\/div><div class=\"kc-elm kc-css-665654 kc_row kc_row_inner\"><div class=\"kc-elm kc-css-521020 kc_col-sm-12 kc_column_inner kc_col-sm-12\"><div class=\"kc_wrapper kc-col-inner-container\"><div class=\"kc-elm kc-css-766875 kc_shortcode kc_single_image\">\n\n        <a  href=\"#http:\/\/www.ensub.com.br\/\" title=\"\" target=\"_self\">\n        <img decoding=\"async\" src=\"http:\/\/homologacao.tiquality.com.br\/ansub\/wp-content\/uploads\/2021\/11\/Ensub-e1636153174864.png\" class=\"\" alt=\"\" \/>    <\/a>\n    <\/div>\n<\/div><\/div><\/div><\/div><\/div><\/div><\/div><\/section><section class=\"kc-elm kc-css-832584 kc_row\"><div class=\"kc-row-container  kc-container\"><div class=\"kc-wrap-columns\"><div class=\"kc-elm kc-css-199681 kc_col-sm-12 kc_column kc_col-sm-12\"><div class=\"kc-col-container\"><div class=\"kc-elm kc-css-882778 kc-animated kc-animate-eff-slideInLeft kc_text_block\"><\/p>\n<h4 style=\"text-align: center;\"><strong>ENSub 2020:<\/strong><\/h4>\n<p>\n<\/div><div class=\"kc-elm kc-css-441826 kc_row kc_row_inner\"><div class=\"kc-elm kc-css-382148 kc_col-sm-12 kc_column_inner kc_col-sm-12\"><div class=\"kc_wrapper kc-col-inner-container\"><div class=\"kc-elm kc-css-615752 kc_shortcode kc_single_image\">\n\n        <a  href=\"#http:\/\/www.ensub.com.br\/anais\/\" title=\"\" target=\"_self\">\n        <img decoding=\"async\" src=\"http:\/\/homologacao.tiquality.com.br\/ansub\/wp-content\/uploads\/2021\/11\/ZOOM-PARA-ENSUB.png\" class=\"\" alt=\"\" \/>    <\/a>\n    <\/div>\n<\/div><\/div><\/div><\/div><\/div><\/div><\/div><\/section><section class=\"kc-elm kc-css-174869 kc_row\"><div class=\"kc-row-container  kc-container\"><div class=\"kc-wrap-columns\"><div class=\"kc-elm kc-css-187720 kc_column kc_col-sm-12\"><div class=\"kc-col-container\"><div class=\"kc-elm kc-css-157494 kc-animated kc-animate-eff-slideInRight kc_text_block\"><\/p>\n<h4 style=\"text-align: center;\"><strong>ENSub 2018:<\/strong><\/h4>\n<p>\n<\/div><div class=\"kc-elm kc-css-761503 kc_row kc_row_inner\"><div class=\"kc-elm kc-css-494659 kc_col-sm-12 kc_column_inner kc_col-sm-12\"><div class=\"kc_wrapper kc-col-inner-container\"><div class=\"kc-elm kc-css-705565 kc_shortcode kc_single_image\">\n\n        <a  href=\"#http:\/\/www.ensub.com.br\/cd\/\" title=\"\" target=\"_self\">\n        <img decoding=\"async\" src=\"http:\/\/homologacao.tiquality.com.br\/ansub\/wp-content\/uploads\/2021\/11\/ENSub2018-e1636156532818.png\" class=\"\" alt=\"\" \/>    <\/a>\n    <\/div>\n<\/div><\/div><\/div><\/div><\/div><\/div><\/div><\/section><\/p>\n","protected":false},"excerpt":{"rendered":"","protected":false},"author":1,"featured_media":0,"parent":0,"menu_order":0,"comment_status":"closed","ping_status":"closed","template":"","meta":{"site-sidebar-layout":"default","site-content-layout":"default","ast-main-header-display":"","ast-hfb-above-header-display":"","ast-hfb-below-header-display":"","ast-hfb-mobile-header-display":"","site-post-title":"disabled","ast-breadcrumbs-content":"","ast-featured-img":"","footer-sml-layout":"","theme-transparent-header-meta":"default","adv-header-id-meta":"","stick-header-meta":"","header-above-stick-meta":"","header-main-stick-meta":"","header-below-stick-meta":"","footnotes":""},"class_list":["post-256","page","type-page","status-publish","hentry"],"_links":{"self":[{"href":"http:\/\/homologacao.tiquality.com.br\/ansub\/wp-json\/wp\/v2\/pages\/256","targetHints":{"allow":["GET"]}}],"collection":[{"href":"http:\/\/homologacao.tiquality.com.br\/ansub\/wp-json\/wp\/v2\/pages"}],"about":[{"href":"http:\/\/homologacao.tiquality.com.br\/ansub\/wp-json\/wp\/v2\/types\/page"}],"author":[{"embeddable":true,"href":"http:\/\/homologacao.tiquality.com.br\/ansub\/wp-json\/wp\/v2\/users\/1"}],"replies":[{"embeddable":true,"href":"http:\/\/homologacao.tiquality.com.br\/ansub\/wp-json\/wp\/v2\/comments?post=256"}],"version-history":[{"count":77,"href":"http:\/\/homologacao.tiquality.com.br\/ansub\/wp-json\/wp\/v2\/pages\/256\/revisions"}],"predecessor-version":[{"id":1240,"href":"http:\/\/homologacao.tiquality.com.br\/ansub\/wp-json\/wp\/v2\/pages\/256\/revisions\/1240"}],"wp:attachment":[{"href":"http:\/\/homologacao.tiquality.com.br\/ansub\/wp-json\/wp\/v2\/media?parent=256"}],"curies":[{"name":"wp","href":"https:\/\/api.w.org\/{rel}","templated":true}]}}