{"id":17,"date":"2021-11-05T14:16:07","date_gmt":"2021-11-05T17:16:07","guid":{"rendered":"http:\/\/homologacao.tiquality.com.br\/ansub\/?page_id=17"},"modified":"2021-11-23T10:52:24","modified_gmt":"2021-11-23T13:52:24","slug":"associe-se","status":"publish","type":"page","link":"http:\/\/homologacao.tiquality.com.br\/ansub\/associe-se\/","title":{"rendered":"Associe-se"},"content":{"rendered":"<p><section class=\"kc-elm kc-css-187199 kc_row\"><div class=\"kc-row-container  kc-container\"><div class=\"kc-wrap-columns\"><div class=\"kc-elm kc-css-872945 kc_column kc_col-sm-12\"><div class=\"kc-col-container\"><div class=\"kc-elm kc-css-309985 kc_text_block\"><\/p>\n<h3 style=\"text-align: center;\"><strong>Quanto custa associar-se na ANSub?<\/strong><\/h3>\n<p style=\"text-align: center;\"><em>Para associar-se, clique em cima da imagem correspondente a modalidade de interesse.<\/em><\/p>\n<p>\n<\/div><div class=\"kc-elm kc-css-919393 kc_row kc_row_inner\"><div class=\"kc-elm kc-css-43302 kc_col-of-5 kc_column_inner kc_col-of-5\"><div class=\"kc_wrapper kc-col-inner-container\"><div class=\"kc-elm kc-css-474660 kc_text_block\"><\/p>\n<p><a href=\"http:\/\/homologacao.tiquality.com.br\/ansub\/pessoa-fisica\/\" target=\"_blank\" rel=\"noopener\"><img loading=\"lazy\" decoding=\"async\" class=\"aligncenter\" src=\"http:\/\/homologacao.tiquality.com.br\/ansub\/wp-content\/uploads\/2021\/11\/businesswoman-e1637355698991.png\" alt=\"\" width=\"90\" height=\"90\" \/><\/a><\/p>\n<p style=\"text-align: center;\"><strong>S\u00f3cios Efetivos (pessoa f\u00edsica)<\/strong><br \/>Filia\u00e7\u00e3o: R$200,00<br \/>Anuidade: R$200,00<\/p>\n<p>\n<\/div><\/div><\/div><div class=\"kc-elm kc-css-922141 kc_col-of-5 kc_column_inner kc_col-of-5\"><div class=\"kc_wrapper kc-col-inner-container\"><div class=\"kc-elm kc-css-73668 kc_text_block\"><\/p>\n<p><a href=\"http:\/\/homologacao.tiquality.com.br\/ansub\/formulario-filiacao-ansub-pessoa-juridica\/\" target=\"_blank\" rel=\"noopener\"><img loading=\"lazy\" decoding=\"async\" class=\"aligncenter\" src=\"http:\/\/homologacao.tiquality.com.br\/ansub\/wp-content\/uploads\/2021\/11\/socios-1-e1637355621812.png\" alt=\"\" width=\"90\" height=\"90\" \/><\/a><\/p>\n<p style=\"text-align: center;\"><strong>Pessoa jur\u00eddica<\/strong><br \/>Filia\u00e7\u00e3o: 400,00<br \/>Anuidade: R$400,00<\/p>\n<p>\n<\/div><\/div><\/div><div class=\"kc-elm kc-css-454958 kc_col-of-5 kc_column_inner kc_col-of-5\"><div class=\"kc_wrapper kc-col-inner-container\"><div class=\"kc-elm kc-css-852498 kc_text_block\"><\/p>\n<p><a href=\"http:\/\/homologacao.tiquality.com.br\/ansub\/pessoa-fisica\/\" target=\"_blank\" rel=\"noopener\"><img loading=\"lazy\" decoding=\"async\" class=\"aligncenter\" src=\"http:\/\/homologacao.tiquality.com.br\/ansub\/wp-content\/uploads\/2021\/11\/graduating-student-e1637355450137.png\" alt=\"\" width=\"90\" height=\"90\" \/><\/a><\/p>\n<p style=\"text-align: center;\"><strong>S\u00f3cio acad\u00eamico<\/strong><br \/>Filia\u00e7\u00e3o: R$50,00<br \/>Anuidade: R$50,00<\/p>\n<p>\n<\/div><\/div><\/div><div class=\"kc-elm kc-css-449504 kc_col-of-5 kc_column_inner kc_col-of-5\"><div class=\"kc_wrapper kc-col-inner-container\"><div class=\"kc-elm kc-css-814087 kc_text_block\"><\/p>\n<p><img loading=\"lazy\" decoding=\"async\" class=\"alignnone size-medium aligncenter\" src=\"http:\/\/homologacao.tiquality.com.br\/ansub\/wp-content\/uploads\/2021\/11\/pessoas-1-e1637355225860.png\" alt=\"\" width=\"90\" height=\"90\" \/><\/p>\n<p style=\"text-align: center;\"><strong>S\u00f3cio honor\u00e1rio<\/strong><br \/><em>Sem informa\u00e7\u00f5<\/em><em style=\"font-size: 16px;\">es<\/em><\/p>\n<p>\n<\/div><\/div><\/div><div class=\"kc-elm kc-css-187366 kc_col-of-5 kc_column_inner kc_col-of-5\"><div class=\"kc_wrapper kc-col-inner-container\"><div class=\"kc-elm kc-css-473339 kc_text_block\"><\/p>\n<p><img loading=\"lazy\" decoding=\"async\" class=\"alignnone size-medium aligncenter\" src=\"http:\/\/homologacao.tiquality.com.br\/ansub\/wp-content\/uploads\/2021\/11\/pessoas-1-e1637355225860.png\" alt=\"\" width=\"90\" height=\"90\" \/><\/p>\n<p style=\"text-align: center;\"><strong>S\u00f3cio colaborador (convidados)<\/strong><br \/><em>Isento<\/em><\/p>\n<p>\n<\/div><\/div><\/div><\/div><\/div><\/div><\/div><\/div><\/section><section class=\"kc-elm kc-css-23567 kc_row\"><div class=\"kc-row-container  kc-container\"><div class=\"kc-wrap-columns\"><div class=\"kc-elm kc-css-937369 kc_col-sm-12 kc_column kc_col-sm-12\"><div class=\"kc-col-container\"><div class=\"kc-elm kc-css-415465 kc_text_block\"><\/p>\n<p><strong>Ao se associar voc\u00ea passar\u00e1 a integrar e contribuir com um grupo din\u00e2mico, voltado a aproximar pessoas e institui\u00e7\u00f5es para a promo\u00e7\u00e3o e desenvolvimento do conhecimento t\u00e9cnico e cient\u00edfico sobre substrato para plantas (SPP).<\/strong><\/p>\n<p><strong>S\u00e3o finalidades da ANSub:<\/strong><\/p>\n<p>I \u2013 Promover a valoriza\u00e7\u00e3o do SPP e de seu emprego na produ\u00e7\u00e3o de plantas, como insumo fundamental no cultivo em recipiente, fomentando a\u00e7\u00f5es de Ensino e incentivando a forma\u00e7\u00e3o de docentes de cursos t\u00e9cnicos e acad\u00eamicos das Ci\u00eancias Agr\u00e1rias e \u00e1reas afins;<\/p>\n<p>II \u2013 Estimular a pesquisa nos Cursos de Gradua\u00e7\u00e3o e P\u00f3s-Gradua\u00e7\u00e3o, bem como em Centros de Pesquisa;<\/p>\n<p>III \u2013 Promover atividades de Extens\u00e3o, buscando parcerias com os profissionais que atuam, especialmente, em \u00e1reas como Produ\u00e7\u00e3o Org\u00e2nica e Propriedades Familiares;<\/p>\n<p>IV \u2013 Colaborar para a aproxima\u00e7\u00e3o e o interc\u00e2mbio de conhecimentos de institui\u00e7\u00f5es que trabalham em pesquisa, no ensino, na divulga\u00e7\u00e3o, em atividades t\u00e9cnicas e\/ou na ind\u00fastria, relacionadas ao tema SPP, tanto nacionais como internacionais;<\/p>\n<p>V \u2013 Divulgar resultados de pesquisas, informa\u00e7\u00f5es t\u00e9cnicas e os avan\u00e7os no conhecimento cient\u00edfico, nacionais e internacionais, relacionados ao SPP e suas pr\u00e1ticas culturais;<\/p>\n<p>IV \u2013 Estimular a pesquisa para o aproveitamento de res\u00edduos regionais e seu uso na composi\u00e7\u00e3o de substratos;<\/p>\n<p>V \u2013 Atuar junto ao Minist\u00e9rio da Agricultura, Pecu\u00e1ria e Abastecimento, visando \u00e0 aprimorar a legisla\u00e7\u00e3o e auxiliar na divulga\u00e7\u00e3o de demandas a serem contempladas;<\/p>\n<p>VI \u2013 Estimular a adequa\u00e7\u00e3o legal e o aprimoramento de empresas que fabricam SSP;<\/p>\n<p>VII \u2013 Representar os setores do SPP em quest\u00f5es nacionais e internacionais;<\/p>\n<p>VIII \u2013 Em todas as suas a\u00e7\u00f5es, priorizar os princ\u00edpios de prote\u00e7\u00e3o ao Meio Ambiente.<\/p>\n<p><strong>Para atingir suas finalidades, a ANSUB:<\/strong><\/p>\n<p>I \u2013 Promover\u00e1, bienalmente, o Encontro Nacional de Substratos para Plantas \u2013 ENSub bem como Reuni\u00f5es espec\u00edficas e outros eventos pertinentes ao tema SPP;<\/p>\n<p>II \u2013 Realizar\u00e1 reuni\u00f5es peri\u00f3dicas, presenciais ou virtuais, sempre que necess\u00e1rio, para apresenta\u00e7\u00e3o de relat\u00f3rios, para balan\u00e7o das atividades desenvolvidas, e outras atividades de interesse da ANSUB;<\/p>\n<p>III \u2013 Estimular\u00e1 a divulga\u00e7\u00e3o de assuntos de interesse nacional ou regional relacionados com os elos da Cadeia Produtiva de SPP.<\/p>\n<p>\n<\/div><\/div><\/div><\/div><\/div><\/section><\/p>\n","protected":false},"excerpt":{"rendered":"","protected":false},"author":1,"featured_media":0,"parent":0,"menu_order":0,"comment_status":"closed","ping_status":"closed","template":"","meta":{"site-sidebar-layout":"default","site-content-layout":"default","ast-main-header-display":"","ast-hfb-above-header-display":"","ast-hfb-below-header-display":"","ast-hfb-mobile-header-display":"","site-post-title":"disabled","ast-breadcrumbs-content":"","ast-featured-img":"","footer-sml-layout":"","theme-transparent-header-meta":"default","adv-header-id-meta":"","stick-header-meta":"","header-above-stick-meta":"","header-main-stick-meta":"","header-below-stick-meta":"","footnotes":""},"class_list":["post-17","page","type-page","status-publish","hentry"],"_links":{"self":[{"href":"http:\/\/homologacao.tiquality.com.br\/ansub\/wp-json\/wp\/v2\/pages\/17","targetHints":{"allow":["GET"]}}],"collection":[{"href":"http:\/\/homologacao.tiquality.com.br\/ansub\/wp-json\/wp\/v2\/pages"}],"about":[{"href":"http:\/\/homologacao.tiquality.com.br\/ansub\/wp-json\/wp\/v2\/types\/page"}],"author":[{"embeddable":true,"href":"http:\/\/homologacao.tiquality.com.br\/ansub\/wp-json\/wp\/v2\/users\/1"}],"replies":[{"embeddable":true,"href":"http:\/\/homologacao.tiquality.com.br\/ansub\/wp-json\/wp\/v2\/comments?post=17"}],"version-history":[{"count":125,"href":"http:\/\/homologacao.tiquality.com.br\/ansub\/wp-json\/wp\/v2\/pages\/17\/revisions"}],"predecessor-version":[{"id":1281,"href":"http:\/\/homologacao.tiquality.com.br\/ansub\/wp-json\/wp\/v2\/pages\/17\/revisions\/1281"}],"wp:attachment":[{"href":"http:\/\/homologacao.tiquality.com.br\/ansub\/wp-json\/wp\/v2\/media?parent=17"}],"curies":[{"name":"wp","href":"https:\/\/api.w.org\/{rel}","templated":true}]}}