{"id":1271,"date":"2021-11-23T10:47:00","date_gmt":"2021-11-23T13:47:00","guid":{"rendered":"http:\/\/homologacao.tiquality.com.br\/ansub\/?page_id=1271"},"modified":"2021-11-23T10:53:17","modified_gmt":"2021-11-23T13:53:17","slug":"formulario-filiacao-ansub-pessoa-juridica","status":"publish","type":"page","link":"http:\/\/homologacao.tiquality.com.br\/ansub\/formulario-filiacao-ansub-pessoa-juridica\/","title":{"rendered":"Formul\u00e1rio Filia\u00e7\u00e3o ANSub (Pessoa Jur\u00eddica)"},"content":{"rendered":"<section class=\"kc-elm kc-css-335422 kc_row\"><div class=\"kc-row-container  kc-container\"><div class=\"kc-wrap-columns\"><div class=\"kc-elm kc-css-718527 kc_col-sm-12 kc_column kc_col-sm-12\"><div class=\"kc-col-container\"><div class=\"kc-elm kc-css-552183 kc_text_block\"><\/p>\n<p style=\"text-align: center;\"><strong>Ao preencher e enviar esse formul\u00e1rio voc\u00ea confirma estar ciente e de acordo com o <a href=\"http:\/\/homologacao.tiquality.com.br\/ansub\/wp-content\/uploads\/2021\/11\/Estatuto_ANSub.pdf\">Estatuto da ANSub<\/a>\u00a0 e solicita a sua filia\u00e7\u00e3o como Pessoa Jur\u00eddica.<\/strong><br \/><strong>Em caso de d\u00favidas: entre em contato com a secretaria: secretaria.ansub@gmail.com, ou pelo whats 51-996717797.<\/strong><\/p>\n<p>\n<\/div><div class=\"kc-elm kc-css-86251 kc_row kc_row_inner\"><div class=\"kc-elm kc-css-350975 kc_col-sm-8 kc_column_inner kc_col-sm-8\"><div class=\"kc_wrapper kc-col-inner-container\"><div class=\"kc-elm kc-css-865465 kc_text_block\"><\/p>\n<div role=\"form\" class=\"wpcf7\" id=\"wpcf7-f1134-o1\" lang=\"pt-BR\" dir=\"ltr\">\n<div class=\"screen-reader-response\">\n<p role=\"status\" aria-live=\"polite\" aria-atomic=\"true\">\n<ul><\/ul>\n<\/div>\n<form action=\"\/ansub\/wp-json\/wp\/v2\/pages\/1271#wpcf7-f1134-o1\" method=\"post\" class=\"wpcf7-form init\" enctype=\"multipart\/form-data\" novalidate=\"novalidate\" data-status=\"init\">\n<div style=\"display: none;\">\n<input type=\"hidden\" name=\"_wpcf7\" value=\"1134\" \/><br \/>\n<input type=\"hidden\" name=\"_wpcf7_version\" value=\"5.5.2\" \/><br \/>\n<input type=\"hidden\" name=\"_wpcf7_locale\" value=\"pt_BR\" \/><br \/>\n<input type=\"hidden\" name=\"_wpcf7_unit_tag\" value=\"wpcf7-f1134-o1\" \/><br \/>\n<input type=\"hidden\" name=\"_wpcf7_container_post\" value=\"0\" \/><br \/>\n<input type=\"hidden\" name=\"_wpcf7_posted_data_hash\" value=\"\" \/>\n<\/div>\n<p><label>Raz\u00e3o social da empresa<br \/>\n<span class=\"wpcf7-form-control-wrap Razosocial\"><input type=\"text\" name=\"Razosocial\" value=\"\" size=\"40\" class=\"wpcf7-form-control wpcf7-text wpcf7-validates-as-required\" aria-required=\"true\" aria-invalid=\"false\" \/><\/span> <\/label><\/p>\n<p><label>Nome fantasia<br \/>\n<span class=\"wpcf7-form-control-wrap Nomefantasia\"><input type=\"text\" name=\"Nomefantasia\" value=\"\" size=\"40\" class=\"wpcf7-form-control wpcf7-text wpcf7-validates-as-required\" aria-required=\"true\" aria-invalid=\"false\" \/><\/span> <\/label><\/p>\n<p><label>CNPJ<br \/>\n<span class=\"wpcf7-form-control-wrap CNPJ\"><input type=\"text\" name=\"CNPJ\" value=\"\" size=\"40\" class=\"wpcf7-form-control wpcf7-text wpcf7-validates-as-required\" aria-required=\"true\" aria-invalid=\"false\" \/><\/span> <\/label><\/p>\n<p><label>Inscri\u00e7\u00e3o estadual<br \/>\n<span class=\"wpcf7-form-control-wrap Inscrioestadual\"><input type=\"text\" name=\"Inscrioestadual\" value=\"\" size=\"40\" class=\"wpcf7-form-control wpcf7-text wpcf7-validates-as-required\" aria-required=\"true\" aria-invalid=\"false\" \/><\/span> <\/label><\/p>\n<p><label>Endere\u00e7o da empresa<br \/>\n<span class=\"wpcf7-form-control-wrap Endereodaempresa\"><input type=\"text\" name=\"Endereodaempresa\" value=\"\" size=\"40\" class=\"wpcf7-form-control wpcf7-text wpcf7-validates-as-required\" aria-required=\"true\" aria-invalid=\"false\" \/><\/span> <\/label><\/p>\n<p><label>Cep do endere\u00e7o da empresa<br \/>\n<span class=\"wpcf7-form-control-wrap CEP\"><input type=\"text\" name=\"CEP\" value=\"\" size=\"40\" class=\"wpcf7-form-control wpcf7-text wpcf7-validates-as-required\" aria-required=\"true\" aria-invalid=\"false\" \/><\/span> <\/label><\/p>\n<p><label>Atividade(s) referente(s) ao insumo \"substratos\":<br \/>\n<span class=\"wpcf7-form-control-wrap Atividades\"><span class=\"wpcf7-form-control wpcf7-checkbox wpcf7-validates-as-required\"><span class=\"wpcf7-list-item first\"><label><input type=\"checkbox\" name=\"Atividades[]\" value=\"Fabrica\u00e7\u00e3o\" \/><span class=\"wpcf7-list-item-label\">Fabrica\u00e7\u00e3o<\/span><\/label><\/span><span class=\"wpcf7-list-item\"><label><input type=\"checkbox\" name=\"Atividades[]\" value=\"Comercializa\u00e7\u00e3o (atacado)\" \/><span class=\"wpcf7-list-item-label\">Comercializa\u00e7\u00e3o (atacado)<\/span><\/label><\/span><span class=\"wpcf7-list-item\"><label><input type=\"checkbox\" name=\"Atividades[]\" value=\"Comercializa\u00e7\u00e3o (varejo)\" \/><span class=\"wpcf7-list-item-label\">Comercializa\u00e7\u00e3o (varejo)<\/span><\/label><\/span><span class=\"wpcf7-list-item\"><label><input type=\"checkbox\" name=\"Atividades[]\" value=\"Consumo\" \/><span class=\"wpcf7-list-item-label\">Consumo<\/span><\/label><\/span><span class=\"wpcf7-list-item\"><label><input type=\"checkbox\" name=\"Atividades[]\" value=\"Outros insumos para cultivo em recipientes\" \/><span class=\"wpcf7-list-item-label\">Outros insumos para cultivo em recipientes<\/span><\/label><\/span><span class=\"wpcf7-list-item last\"><label><input type=\"checkbox\" name=\"Atividades[]\" value=\"Outras atividades (preencher pr\u00f3ximo item)\" \/><span class=\"wpcf7-list-item-label\">Outras atividades (preencher pr\u00f3ximo item)<\/span><\/label><\/span><\/span><\/span> <\/label><\/p>\n<p><label>Outra atividade<br \/>\n<span class=\"wpcf7-form-control-wrap Outro\"><input type=\"text\" name=\"Outro\" value=\"\" size=\"40\" class=\"wpcf7-form-control wpcf7-text\" aria-invalid=\"false\" \/><\/span> <\/label><\/p>\n<p><label>Regi\u00f5es de Atua\u00e7\u00e3o<br \/>\n<span class=\"wpcf7-form-control-wrap Regiesdeatuao\"><span class=\"wpcf7-form-control wpcf7-checkbox wpcf7-validates-as-required\"><span class=\"wpcf7-list-item first\"><label><input type=\"checkbox\" name=\"Regiesdeatuao[]\" value=\"Sul\" \/><span class=\"wpcf7-list-item-label\">Sul<\/span><\/label><\/span><span class=\"wpcf7-list-item\"><label><input type=\"checkbox\" name=\"Regiesdeatuao[]\" value=\"Sudeste\" \/><span class=\"wpcf7-list-item-label\">Sudeste<\/span><\/label><\/span><span class=\"wpcf7-list-item\"><label><input type=\"checkbox\" name=\"Regiesdeatuao[]\" value=\"Centro Oeste\" \/><span class=\"wpcf7-list-item-label\">Centro Oeste<\/span><\/label><\/span><span class=\"wpcf7-list-item\"><label><input type=\"checkbox\" name=\"Regiesdeatuao[]\" value=\"Norte\" \/><span class=\"wpcf7-list-item-label\">Norte<\/span><\/label><\/span><span class=\"wpcf7-list-item\"><label><input type=\"checkbox\" name=\"Regiesdeatuao[]\" value=\"Nordeste\" \/><span class=\"wpcf7-list-item-label\">Nordeste<\/span><\/label><\/span><span class=\"wpcf7-list-item last\"><label><input type=\"checkbox\" name=\"Regiesdeatuao[]\" value=\"Outra regi\u00e3o (preencher pr\u00f3ximo item)\" \/><span class=\"wpcf7-list-item-label\">Outra regi\u00e3o (preencher pr\u00f3ximo item)<\/span><\/label><\/span><\/span><\/span> <\/label><\/p>\n<p><label>Outra regi\u00e3o<br \/>\n<span class=\"wpcf7-form-control-wrap Outro\"><input type=\"text\" name=\"Outro\" value=\"\" size=\"40\" class=\"wpcf7-form-control wpcf7-text\" aria-invalid=\"false\" \/><\/span> <\/label><\/p>\n<p><label>Nome para contato<br \/>\n<span class=\"wpcf7-form-control-wrap Nome\"><input type=\"text\" name=\"Nome\" value=\"\" size=\"40\" class=\"wpcf7-form-control wpcf7-text wpcf7-validates-as-required\" aria-required=\"true\" aria-invalid=\"false\" \/><\/span> <\/label><\/p>\n<p><label>Telefone para contato<br \/>\n<span class=\"wpcf7-form-control-wrap Telefone\"><input type=\"text\" name=\"Telefone\" value=\"\" size=\"40\" class=\"wpcf7-form-control wpcf7-text wpcf7-validates-as-required\" aria-required=\"true\" aria-invalid=\"false\" \/><\/span> <\/label><\/p>\n<p><label>Site<br \/>\n<span class=\"wpcf7-form-control-wrap Site\"><input type=\"text\" name=\"Site\" value=\"\" size=\"40\" class=\"wpcf7-form-control wpcf7-text\" aria-invalid=\"false\" \/><\/span> <\/label><\/p>\n<p><span class=\"wpcf7-form-control-wrap Comprovantedepagamento\"><input type=\"file\" name=\"Comprovantedepagamento\" size=\"40\" class=\"wpcf7-form-control wpcf7-file wpcf7-validates-as-required\" accept=\".pdf,.doc,.docx,.png,.jpeg\" aria-required=\"true\" aria-invalid=\"false\" \/><\/span><\/p>\n<div class=\"wpcf7-response-output\" aria-hidden=\"true\"><\/div>\n<\/form>\n<\/div>\n<p>\n<\/div><\/div><\/div><div class=\"kc-elm kc-css-286236 kc_col-sm-4 kc_column_inner kc_col-sm-4\"><div class=\"kc_wrapper kc-col-inner-container\"><\/div><\/div><\/div><div class=\"kc-elm kc-css-282366 kc_text_block\"><\/p>\n<p><strong>ATEN\u00c7\u00c3O: envie por aqui o comprovante de pagamento da taxa de anuidade (conforme a sua categoria de filia\u00e7\u00e3o).<\/strong><\/p>\n<p>\n<\/div><\/div><\/div><\/div><\/div><\/section>\n","protected":false},"excerpt":{"rendered":"","protected":false},"author":1,"featured_media":0,"parent":0,"menu_order":0,"comment_status":"closed","ping_status":"closed","template":"","meta":{"site-sidebar-layout":"default","site-content-layout":"default","ast-main-header-display":"","ast-hfb-above-header-display":"","ast-hfb-below-header-display":"","ast-hfb-mobile-header-display":"","site-post-title":"disabled","ast-breadcrumbs-content":"","ast-featured-img":"","footer-sml-layout":"","theme-transparent-header-meta":"default","adv-header-id-meta":"","stick-header-meta":"","header-above-stick-meta":"","header-main-stick-meta":"","header-below-stick-meta":"","footnotes":""},"class_list":["post-1271","page","type-page","status-publish","hentry"],"_links":{"self":[{"href":"http:\/\/homologacao.tiquality.com.br\/ansub\/wp-json\/wp\/v2\/pages\/1271","targetHints":{"allow":["GET"]}}],"collection":[{"href":"http:\/\/homologacao.tiquality.com.br\/ansub\/wp-json\/wp\/v2\/pages"}],"about":[{"href":"http:\/\/homologacao.tiquality.com.br\/ansub\/wp-json\/wp\/v2\/types\/page"}],"author":[{"embeddable":true,"href":"http:\/\/homologacao.tiquality.com.br\/ansub\/wp-json\/wp\/v2\/users\/1"}],"replies":[{"embeddable":true,"href":"http:\/\/homologacao.tiquality.com.br\/ansub\/wp-json\/wp\/v2\/comments?post=1271"}],"version-history":[{"count":8,"href":"http:\/\/homologacao.tiquality.com.br\/ansub\/wp-json\/wp\/v2\/pages\/1271\/revisions"}],"predecessor-version":[{"id":1282,"href":"http:\/\/homologacao.tiquality.com.br\/ansub\/wp-json\/wp\/v2\/pages\/1271\/revisions\/1282"}],"wp:attachment":[{"href":"http:\/\/homologacao.tiquality.com.br\/ansub\/wp-json\/wp\/v2\/media?parent=1271"}],"curies":[{"name":"wp","href":"https:\/\/api.w.org\/{rel}","templated":true}]}}